{"id":6099,"date":"2023-07-02T00:32:52","date_gmt":"2023-07-01T21:32:52","guid":{"rendered":"https:\/\/www.brandenn.com\/%d8%aa%d9%88%d8%a7%d8%b5%d9%84\/"},"modified":"2024-12-28T02:01:56","modified_gmt":"2024-12-27T23:01:56","slug":"%d8%aa%d9%88%d8%a7%d8%b5%d9%84","status":"publish","type":"page","link":"https:\/\/www.brandenn.com\/ar\/%d8%aa%d9%88%d8%a7%d8%b5%d9%84\/","title":{"rendered":"\u062a\u0648\u0627\u0635\u0644"},"content":{"rendered":"<section class=\"l-section wpb_row us_custom_0a501283 height_auto with_img\"><div class=\"l-section-img\" role=\"img\" aria-label=\"\u0635\u0648\u0631\u0629\" data-img-width=\"2560\" data-img-height=\"1440\" style=\"background-image: url(https:\/\/www.brandenn.com\/wp-content\/uploads\/2023\/07\/office_01-scaled.jpg);background-repeat: no-repeat;\"><\/div><div class=\"l-section-overlay\" style=\"background:rgba(0,0,0,0.10)\"><\/div><div class=\"l-section-h i-cf\"><div class=\"g-cols vc_row via_grid cols_1 laptops-cols_inherit tablets-cols_inherit mobiles-cols_1 valign_top type_default stacking_default\"><div class=\"wpb_column vc_column_container\"><div class=\"vc_column-inner\"><h1 class=\"w-text us_custom_be38b6f5 has_text_color\"><span class=\"w-text-h\"><span class=\"w-text-value\">\u0642\u0644 \u0645\u0631\u062d\u0628\u0627<\/span><\/span><\/h1><\/div><\/div><\/div><\/div><\/section><section class=\"l-section wpb_row height_medium\"><div class=\"l-section-h i-cf\"><div class=\"g-cols vc_row via_grid cols_2 laptops-cols_inherit tablets-cols_inherit mobiles-cols_1 valign_top type_default stacking_default\" style=\"--columns-gap:1.5rem;\"><div class=\"wpb_column vc_column_container us_custom_ea4f7cc4 us_animate_this has_bg_color\"><div class=\"vc_column-inner\"><div class=\"w-image align_none\"><div class=\"w-image-h\"><img decoding=\"async\" width=\"500\" height=\"400\" src=\"https:\/\/www.brandenn.com\/wp-content\/uploads\/2023\/07\/levent199_main.jpg\" class=\"attachment-large size-large\" alt=\"\" loading=\"lazy\" srcset=\"https:\/\/www.brandenn.com\/wp-content\/uploads\/2023\/07\/levent199_main.jpg 500w, https:\/\/www.brandenn.com\/wp-content\/uploads\/2023\/07\/levent199_main-300x240.jpg 300w\" sizes=\"auto, (max-width: 500px) 100vw, 500px\" title=\"\"><\/div><\/div><h2 class=\"w-text us_custom_5acccbc7\"><span class=\"w-text-h\"><span class=\"w-text-value\">\u0627\u0633\u0637\u0646\u0628\u0648\u0644.<\/span><\/span><\/h2><h6 class=\"w-text us_custom_bf33849f\"><span class=\"w-text-h\"><span class=\"w-text-value\">\u0625\u0633\u064a\u0646\u062a\u064a\u0628\u064a \u0645\u0627\u0647. \u0628\u0648\u064a\u0648\u0643\u062f\u064a\u0631 \u0643\u0627\u062f. \n\u0631\u0642\u0645: 199 |6 \u015ei\u015fli | 6 \u015ei\u015fli | \u0625\u0633\u0637\u0646\u0628\u0648\u0644 | \u062a\u0631\u0643\u064a\u0627 +90 212 800 79 26<\/span><\/span><\/h6><\/div><\/div><div class=\"wpb_column vc_column_container us_custom_ea4f7cc4 us_animate_this has_bg_color\"><div class=\"vc_column-inner\"><div class=\"w-image align_none\"><div class=\"w-image-h\"><img decoding=\"async\" width=\"500\" height=\"400\" src=\"https:\/\/www.brandenn.com\/wp-content\/uploads\/2023\/07\/empirestatebuilding_main.jpg\" class=\"attachment-large size-large\" alt=\"\" loading=\"lazy\" srcset=\"https:\/\/www.brandenn.com\/wp-content\/uploads\/2023\/07\/empirestatebuilding_main.jpg 500w, https:\/\/www.brandenn.com\/wp-content\/uploads\/2023\/07\/empirestatebuilding_main-300x240.jpg 300w\" sizes=\"auto, (max-width: 500px) 100vw, 500px\" title=\"\"><\/div><\/div><h2 class=\"w-text us_custom_5acccbc7\"><span class=\"w-text-h\"><span class=\"w-text-value\">\u0646\u064a\u0648\u064a\u0648\u0631\u0643.<\/span><\/span><\/h2><h6 class=\"w-text us_custom_3ae408c5\"><span class=\"w-text-h\"><span class=\"w-text-value\">350 \u0627\u0644\u062a\u062c\u0645\u0639 \u0627\u0644\u062e\u0627\u0645\u0633. \n\u0627\u0644\u0637\u0627\u0628\u0642 59\u060c \u0625\u0645\u0628\u0627\u064a\u0631 \u0633\u062a\u064a\u062a\u0633 | \u0646\u064a\u0648\u064a\u0648\u0631\u0643 | \u0627\u0644\u0648\u0644\u0627\u064a\u0627\u062a \u0627\u0644\u0645\u062a\u062d\u062f\u0629 \u0627\u0644\u0623\u0645\u0631\u064a\u0643\u064a\u0629 +1 646 655 06 06 88<\/span><\/span><\/h6><\/div><\/div><\/div><\/div><\/section><section class=\"l-section wpb_row us_custom_aba766a9 height_auto\"><div class=\"l-section-h i-cf\"><div class=\"g-cols vc_row via_grid cols_2 laptops-cols_inherit tablets-cols_inherit mobiles-cols_1 valign_top type_default stacking_default\" style=\"--columns-gap:1.5rem;\"><div class=\"wpb_column vc_column_container us_custom_cc934f3f has_bg_color\"><div class=\"vc_column-inner\"><h4 class=\"w-text us_custom_ae21e493\"><span class=\"w-text-h\"><span class=\"w-text-value\">\u0623\u0631\u0633\u0644 \u0631\u0633\u0627\u0644\u0629<\/span><\/span><\/h4><form class=\"w-form  us-field-style_1 layout_ver show_message_after_sending for_cform us_form_1\" action=\"https:\/\/www.brandenn.com\/ar\/wp-json\/wp\/v2\/pages\/6099\" method=\"post\"><div class=\"w-form-h\"><div class=\"w-form-row for_text\">\r\n\t\t<div class=\"w-form-row-field\">\r\n\t\t\t\t\t\t<input aria-label=\"\u0627\u0633\u0645 \u0648\u0644\u0642\u0628\" type=\"text\" name=\"us_form_1_text_1\" value placeholder=\"\u0627\u0633\u0645 \u0648\u0644\u0642\u0628\"\/>\r\n\t\t\t<\/div>\r\n\t\t<div class=\"w-form-row-state\">Fill out this field<\/div>\r\n<\/div>\r\n<div class=\"w-form-row for_text\">\r\n\t\t<div class=\"w-form-row-field\">\r\n\t\t\t\t\t\t<input aria-label=\"\u0647\u0627\u062a\u0641\" inputmode=\"tel\" type=\"text\" name=\"us_form_1_text_2\" value placeholder=\"\u0647\u0627\u062a\u0641\"\/>\r\n\t\t\t<\/div>\r\n\t\t<div class=\"w-form-row-state\">Fill out this field<\/div>\r\n<\/div>\r\n<div class=\"w-form-row for_email\">\r\n\t\t<div class=\"w-form-row-field\">\r\n\t\t\t\t\t\t<input aria-label=\"\u0628\u0631\u064a\u062f \u0625\u0644\u0643\u062a\u0631\u0648\u0646\u064a\" type=\"email\" name=\"us_form_1_email_1\" value placeholder=\"\u0628\u0631\u064a\u062f \u0625\u0644\u0643\u062a\u0631\u0648\u0646\u064a\"\/>\r\n\t\t\t<\/div>\r\n\t\t<div class=\"w-form-row-state\">\u0627\u0644\u0631\u062c\u0627\u0621 \u0625\u062f\u062e\u0627\u0644 \u0639\u0646\u0648\u0627\u0646 \u0628\u0631\u064a\u062f \u0625\u0644\u0643\u062a\u0631\u0648\u0646\u064a \u0635\u0627\u0644\u062d.<\/div>\r\n<\/div>\r\n<div class=\"w-form-row for_textarea\">\r\n\t\t<div class=\"w-form-row-field\">\r\n\t\t\t\t\t\t<textarea aria-label=\"\u0646\u0635\" name=\"us_form_1_textarea_1\" placeholder=\"\u0646\u0635\"><\/textarea>\r\n\t\t\t<\/div>\r\n\t\t<div class=\"w-form-row-state\">Fill out this field<\/div>\r\n<\/div>\r\n<input type=\"hidden\" name=\"action\" value=\"us_ajax_cform\" \/>\r\n<input type=\"hidden\" name=\"post_id\" value=\"0\" \/>\r\n<input type=\"hidden\" name=\"form_index\" value=\"1\" \/>\r\n<div class=\"w-form-row for_submit align_none\"><button class=\"w-btn us-btn-style_1\" type=\"submit\" aria-label=\"\u0625\u0631\u0633\u0627\u0644\"><span class=\"g-preloader type_1\"><\/span><span class=\"w-btn-label\">\u0625\u0631\u0633\u0627\u0644<\/span><\/button><\/div><\/div><div class=\"w-form-message\"><\/div><div class=\"w-form-json hidden\" onclick='return {&quot;ajaxurl&quot;:&quot;https:\\\/\\\/www.brandenn.com\\\/wp-admin\\\/admin-ajax.php&quot;,&quot;messages&quot;:{&quot;err_empty&quot;:&quot;Fill out this field&quot;,&quot;err_size&quot;:&quot;File size cannot exceed %s MB&quot;,&quot;err_extension&quot;:&quot;%s file type is not allowed&quot;,&quot;err_recaptcha_keys&quot;:&quot;reCAPTCHA keys are incorrect&quot;}}'><\/div><\/form><\/div><\/div><div class=\"wpb_column vc_column_container us_custom_6f207417 has_bg_color\"><div class=\"vc_column-inner\"><div class=\"g-cols wpb_row via_grid cols_2 laptops-cols_inherit tablets-cols_inherit mobiles-cols_1 valign_top type_default stacking_default\" style=\"--columns-gap:3rem;\"><div class=\"wpb_column vc_column_container\"><div class=\"vc_column-inner\"><h4 class=\"w-text us_custom_ae21e493\"><span class=\"w-text-h\"><span class=\"w-text-value\">\u0639\u0645\u064a\u0644<\/span><\/span><\/h4><h6 class=\"w-text\"><span class=\"w-text-h\"><span class=\"w-text-value\">customer@brandenn.com<\/span><\/span><\/h6><div class=\"w-separator size_small\"><\/div><h4 class=\"w-text us_custom_ae21e493\"><span class=\"w-text-h\"><span class=\"w-text-value\">\u0642\u0627\u0646\u0648\u0646<\/span><\/span><\/h4><h6 class=\"w-text\"><span class=\"w-text-h\"><span class=\"w-text-value\">law@brandenn.com<\/span><\/span><\/h6><\/div><\/div><div class=\"wpb_column vc_column_container\"><div class=\"vc_column-inner\"><h4 class=\"w-text us_custom_ae21e493\"><span class=\"w-text-h\"><span class=\"w-text-value\">\u062a\u0645\u0648\u064a\u0644<\/span><\/span><\/h4><h6 class=\"w-text\"><span class=\"w-text-h\"><span class=\"w-text-value\">pay@brandenn.com<\/span><\/span><\/h6><div class=\"w-separator size_small\"><\/div><h4 class=\"w-text us_custom_ae21e493\"><span class=\"w-text-h\"><span class=\"w-text-value\">\u0634\u0631\u0627\u0643\u0629<\/span><\/span><\/h4><h6 class=\"w-text\"><span class=\"w-text-h\"><span class=\"w-text-value\">Partners@brandenn.com<\/span><\/span><\/h6><\/div><\/div><\/div><div class=\"g-cols wpb_row via_grid cols_1 laptops-cols_inherit tablets-cols_inherit mobiles-cols_1 valign_top type_default stacking_default\" style=\"--columns-gap:3rem;\"><div class=\"wpb_column vc_column_container us_custom_6857d874\"><div class=\"vc_column-inner\"><h4 class=\"w-text\"><span class=\"w-text-h\"><span class=\"w-text-value\">contact@brandenn.com<\/span><\/span><\/h4><h6 class=\"w-text us_custom_10a4cf99\"><span class=\"w-text-h\"><span class=\"w-text-value\">\u0627\u0644\u0648\u0644\u0627\u064a\u0627\u062a \u0627\u0644\u0645\u062a\u062d\u062f\u0629 \u0627\u0644\u0623\u0645\u0631\u064a\u0643\u064a\u0629&lt;\/br&gt; \u0628\u0631\u0627\u0646\u062f \u0625\u0646 \u0630.\u0645.\u0645.&lt;\/br&gt; \u0631\u0642\u0645 \u0627\u0644\u062a\u0639\u0631\u064a\u0641 \u0627\u0644\u0634\u062e\u0635\u064a: 88-1628274&lt;\/br&gt;&lt;\/br&gt;\u062a\u0631\u0643\u064a\u0627&lt;\/br&gt; BrandEnn \u0627\u0633\u062a\u0634\u0627\u0631\u0627\u062a \u0627\u0644\u0639\u0644\u0627\u0645\u0627\u062a \u0627\u0644\u062a\u062c\u0627\u0631\u064a\u0629 \u0645\u0646\u0638\u0645\u0629 \u0625\u0639\u0644\u0627\u0646\u064a\u0629 Tic. \u0627\u0644\u0645\u062d\u062f\u0648\u062f\u0629. \u0627\u0644\u0645\u062d\u062f\u0648\u062f\u0629.&lt;\/br&gt; \u0627\u0644\u0631\u0642\u0645 \u0627\u0644\u0636\u0631\u064a\u0628\u064a: 1871665794<\/span><\/span><\/h6><\/div><\/div><\/div><\/div><\/div><\/div><\/div><\/section>\n","protected":false},"excerpt":{"rendered":"\u0642\u0644 \u0645\u0631\u062d\u0628\u0627\u0627\u0633\u0637\u0646\u0628\u0648\u0644.\u0625\u0633\u064a\u0646\u062a\u064a\u0628\u064a \u0645\u0627\u0647. \u0628\u0648\u064a\u0648\u0643\u062f\u064a\u0631 \u0643\u0627\u062f. \u0631\u0642\u0645: 199 |6 \u015ei\u015fli | 6 \u015ei\u015fli | \u0625\u0633\u0637\u0646\u0628\u0648\u0644 | \u062a\u0631\u0643\u064a\u0627 +90 212 800 79 26\u0646\u064a\u0648\u064a\u0648\u0631\u0643.350 \u0627\u0644\u062a\u062c\u0645\u0639 \u0627\u0644\u062e\u0627\u0645\u0633. \u0627\u0644\u0637\u0627\u0628\u0642 59\u060c \u0625\u0645\u0628\u0627\u064a\u0631 \u0633\u062a\u064a\u062a\u0633 | \u0646\u064a\u0648\u064a\u0648\u0631\u0643 | \u0627\u0644\u0648\u0644\u0627\u064a\u0627\u062a \u0627\u0644\u0645\u062a\u062d\u062f\u0629 \u0627\u0644\u0623\u0645\u0631\u064a\u0643\u064a\u0629 +1 646 655 06 06 88\u0623\u0631\u0633\u0644 \u0631\u0633\u0627\u0644\u0629 Fill out this field Fill out this field \u0627\u0644\u0631\u062c\u0627\u0621 \u0625\u062f\u062e\u0627\u0644 \u0639\u0646\u0648\u0627\u0646 \u0628\u0631\u064a\u062f \u0625\u0644\u0643\u062a\u0631\u0648\u0646\u064a \u0635\u0627\u0644\u062d. Fill...","protected":false},"author":1,"featured_media":0,"parent":0,"menu_order":0,"comment_status":"closed","ping_status":"closed","template":"","meta":{"_acf_changed":false,"footnotes":""},"class_list":["post-6099","page","type-page","status-publish","hentry"],"acf":[],"_links":{"self":[{"href":"https:\/\/www.brandenn.com\/ar\/wp-json\/wp\/v2\/pages\/6099","targetHints":{"allow":["GET"]}}],"collection":[{"href":"https:\/\/www.brandenn.com\/ar\/wp-json\/wp\/v2\/pages"}],"about":[{"href":"https:\/\/www.brandenn.com\/ar\/wp-json\/wp\/v2\/types\/page"}],"author":[{"embeddable":true,"href":"https:\/\/www.brandenn.com\/ar\/wp-json\/wp\/v2\/users\/1"}],"replies":[{"embeddable":true,"href":"https:\/\/www.brandenn.com\/ar\/wp-json\/wp\/v2\/comments?post=6099"}],"version-history":[{"count":4,"href":"https:\/\/www.brandenn.com\/ar\/wp-json\/wp\/v2\/pages\/6099\/revisions"}],"predecessor-version":[{"id":6999,"href":"https:\/\/www.brandenn.com\/ar\/wp-json\/wp\/v2\/pages\/6099\/revisions\/6999"}],"wp:attachment":[{"href":"https:\/\/www.brandenn.com\/ar\/wp-json\/wp\/v2\/media?parent=6099"}],"curies":[{"name":"wp","href":"https:\/\/api.w.org\/{rel}","templated":true}]}}