{"id":6122,"date":"2023-07-10T01:31:48","date_gmt":"2023-07-09T22:31:48","guid":{"rendered":"https:\/\/www.brandenn.com\/%d8%b7%d8%b1%d9%82-%d8%a7%d9%84%d8%af%d9%81%d8%b9\/"},"modified":"2025-01-01T18:26:16","modified_gmt":"2025-01-01T15:26:16","slug":"%d8%b7%d8%b1%d9%82-%d8%a7%d9%84%d8%af%d9%81%d8%b9","status":"publish","type":"page","link":"https:\/\/www.brandenn.com\/ar\/%d8%b7%d8%b1%d9%82-%d8%a7%d9%84%d8%af%d9%81%d8%b9\/","title":{"rendered":"\u0627\u0644\u0645\u062f\u0641\u0648\u0639\u0627\u062a \u0648\u0627\u0644\u062d\u0633\u0627\u0628\u0627\u062a"},"content":{"rendered":"<section class=\"l-section wpb_row us_custom_0658c8d5 height_small width_full\"><div class=\"l-section-h i-cf\"><div class=\"g-cols vc_row via_grid cols_1 laptops-cols_inherit tablets-cols_inherit mobiles-cols_1 valign_top type_default stacking_default\"><div class=\"wpb_column vc_column_container\"><div class=\"vc_column-inner\"><div class=\"g-cols wpb_row via_grid cols_1 laptops-cols_inherit tablets-cols_inherit mobiles-cols_1 valign_top type_default stacking_default\" style=\"--columns-gap:3rem;\"><div class=\"wpb_column vc_column_container\"><div class=\"vc_column-inner\"><div class=\"w-image us_custom_213e151c align_center\"><div class=\"w-image-h\"><img decoding=\"async\" width=\"1920\" height=\"667\" src=\"https:\/\/www.brandenn.com\/wp-content\/uploads\/2023\/07\/paymentmethod_header.jpg\" class=\"attachment-full size-full\" alt=\"\" loading=\"lazy\" srcset=\"https:\/\/www.brandenn.com\/wp-content\/uploads\/2023\/07\/paymentmethod_header.jpg 1920w, https:\/\/www.brandenn.com\/wp-content\/uploads\/2023\/07\/paymentmethod_header-600x208.jpg 600w, https:\/\/www.brandenn.com\/wp-content\/uploads\/2023\/07\/paymentmethod_header-300x104.jpg 300w, https:\/\/www.brandenn.com\/wp-content\/uploads\/2023\/07\/paymentmethod_header-1024x356.jpg 1024w, https:\/\/www.brandenn.com\/wp-content\/uploads\/2023\/07\/paymentmethod_header-800x278.jpg 800w, https:\/\/www.brandenn.com\/wp-content\/uploads\/2023\/07\/paymentmethod_header-1280x445.jpg 1280w\" sizes=\"auto, (max-width: 1920px) 100vw, 1920px\" title=\"\"><\/div><\/div><\/div><\/div><\/div><\/div><\/div><\/div><\/div><\/section><section class=\"l-section wpb_row us_custom_2eec13b6 height_auto width_full\"><div class=\"l-section-h i-cf\"><div class=\"g-cols vc_row via_grid cols_1 laptops-cols_inherit tablets-cols_inherit mobiles-cols_1 valign_top type_default stacking_default\"><div class=\"wpb_column vc_column_container us_custom_4fb9e5a3 has_bg_color\"><div class=\"vc_column-inner\"><h1 class=\"w-text us_custom_95a63838\"><span class=\"w-text-h\"><span class=\"w-text-value\">\u0642\u0645 \u0628\u0627\u0644\u062f\u0641\u0639<\/span><\/span><\/h1><h6 class=\"w-text us_custom_30323c7a\"><span class=\"w-text-h\"><span class=\"w-text-value\">\u0627\u062f\u0641\u0639 \u0628\u0633\u0647\u0648\u0644\u0629 \u0625\u0644\u0649 \u0623\u064a \u062d\u0633\u0627\u0628 \u0645\u0635\u0631\u0641\u064a \u0645\u0646 \u0627\u062e\u062a\u064a\u0627\u0631\u0643 \u0623\u0648 \u0627\u0633\u062a\u062e\u062f\u0645 \u0646\u0645\u0648\u0630\u062c \u0627\u0644\u062f\u0641\u0639 \u0639\u0628\u0631 \u0627\u0644\u0625\u0646\u062a\u0631\u0646\u062a.<\/span><\/span><\/h6><div class=\"g-cols wpb_row us_custom_d0ad181b via_grid cols_3 laptops-cols_inherit tablets-cols_inherit mobiles-cols_1 valign_top type_default stacking_default\" style=\"--columns-gap:3rem;\"><div class=\"wpb_column vc_column_container us_custom_51a62218 has_bg_color\"><div class=\"vc_column-inner\"><h2 class=\"w-text us_custom_68028189\"><span class=\"w-text-h\"><span class=\"w-text-value\">\u0645\u0639\u0644\u0648\u0645\u0627\u062a \u0627\u0644\u062d\u0633\u0627\u0628 \u0628\u0627\u0644\u062f\u0648\u0644\u0627\u0631 \u0627\u0644\u0623\u0645\u0631\u064a\u0643\u064a<\/span><\/span><\/h2><div class=\"wpb_text_column us_custom_3e95ea80\"><div class=\"wpb_wrapper\"><h6>\u0628\u0646\u0648\u0643 \u0627\u0644\u0627\u062f\u062e\u0627\u0631 \u0627\u0644\u0641\u064a\u062f\u0631\u0627\u0644\u064a\u0629 \u0627\u0644\u0645\u062c\u062a\u0645\u0639\u064a\u0629<\/h6>\n<p>\u0627\u0633\u0645 \u0627\u0644\u062d\u0633\u0627\u0628: BRANDENN LLC \u0631\u0642\u0645 \u0627\u0644\u062a\u0648\u062c\u064a\u0647:<br \/>026073150 \u0631\u0642\u0645 \u0627\u0644\u062d\u0633\u0627\u0628:<br \/>822000599682 \u0633\u0648\u064a\u0641\u062a \u0643\u0648\u062f: CMFGUS33<\/p>\n<\/div><\/div><\/div><\/div><div class=\"wpb_column vc_column_container us_custom_51a62218 has_bg_color\"><div class=\"vc_column-inner\"><h2 class=\"w-text us_custom_67b6827d\"><span class=\"w-text-h\"><span class=\"w-text-value\">\u0645\u0639\u0644\u0648\u0645\u0627\u062a \u062d\u0633\u0627\u0628 TRY<\/span><\/span><\/h2><div class=\"wpb_text_column us_custom_3e95ea80\"><div class=\"wpb_wrapper\"><p>\u0627\u0633\u0645 \u0627\u0644\u062d\u0633\u0627\u0628: BRANDENN MARKA DANI\u015eMANLIK REKLAM ORGAN\u0130ZASYON T\u0130CARET L\u0130M\u0130TED \u015e\u0130RKET\u0130<\/p>\n<h6><strong>\u0631\u0642\u0645 \u0627\u0644\u062d\u0633\u0627\u0628 \u0627\u0644\u0645\u0635\u0631\u0641\u064a \u0627\u0644\u062f\u0648\u0644\u064a \u0644\u0628\u0646\u0643 \u0647\u0627\u0644\u0643:<\/strong><\/h6>\n<p>TR970001200976400010262476<\/p>\n<h6><strong>\u0631\u0642\u0645 \u0627\u0644\u062d\u0633\u0627\u0628 \u0627\u0644\u0645\u0635\u0631\u0641\u064a \u0627\u0644\u062f\u0648\u0644\u064a \u0644\u0628\u0646\u0643 QNB:<\/strong><\/h6>\n<p>TR300011100000000134338566<\/p>\n<\/div><\/div><\/div><\/div><div class=\"wpb_column vc_column_container us_custom_51a62218 has_bg_color\"><div class=\"vc_column-inner\"><h2 class=\"w-text us_custom_67b6827d\"><span class=\"w-text-h\"><span class=\"w-text-value\">\u0628\u0637\u0627\u0642\u0629 \u0627\u0644\u0627\u0626\u062a\u0645\u0627\u0646 \u0627\u0644\u0634\u0631\u064a\u0637\u064a\u0629<\/span><\/span><\/h2><div class=\"w-html\"><center><script async=\"\" src=\"https:\/\/js.stripe.com\/v3\/buy-button.js\">\n<\/script>\n\n<stripe-buy-button buy-button-id=\"buy_btn_1NSqPmKjCAf7npMPEJYop35k\" publishable-key=\"pk_live_51JumS2KjCAf7npMPrsTUZPKNdny5NO45g2yZmDqws5ZYlNqD6ksMv4eQlG4yW8I3YDzUilJvy0bwXSAn2chpFhkR00E87gOF9G\">\n<\/stripe-buy-button><\/center><\/div><\/div><\/div><\/div><div class=\"g-cols wpb_row us_custom_815c1c57 via_grid cols_1-2-1 laptops-cols_inherit tablets-cols_inherit mobiles-cols_1 valign_top type_default stacking_default\" style=\"--columns-gap:3rem;\"><div class=\"wpb_column vc_column_container\"><div class=\"vc_column-inner\"><\/div><\/div><div class=\"wpb_column vc_column_container\"><div class=\"vc_column-inner\"><div class=\"w-text us_custom_1e2ca985\"><span class=\"w-text-h\"><span class=\"w-text-value\">BrandEnn \u0647\u064a \u0634\u0631\u0643\u0629 \u0645\u0642\u0631\u0647\u0627 \u0641\u064a \u0627\u0644\u0648\u0644\u0627\u064a\u0627\u062a \u0627\u0644\u0645\u062a\u062d\u062f\u0629 \u0648\u062a\u0631\u0643\u064a\u0627. \u064a\u062c\u0628 \u062a\u062d\u0648\u064a\u0644 \u062c\u0645\u064a\u0639 \u0627\u0644\u0645\u062f\u0641\u0648\u0639\u0627\u062a \u0625\u0644\u0649 \u0623\u062d\u062f \u0627\u0644\u062d\u0633\u0627\u0628\u0627\u062a \u0627\u0644\u0645\u0635\u0631\u0641\u064a\u0629 \u0627\u0644\u0645\u0630\u0643\u0648\u0631\u0629 \u0623\u0639\u0644\u0627\u0647 \u0623\u0648 \u0625\u062c\u0631\u0627\u0624\u0647\u0627 \u0639\u0628\u0631 \u0627\u0644\u0625\u0646\u062a\u0631\u0646\u062a \u0639\u0628\u0631 Stripe.<\/span><\/span><\/div><\/div><\/div><div class=\"wpb_column vc_column_container\"><div class=\"vc_column-inner\"><\/div><\/div><\/div><\/div><\/div><\/div><\/div><\/section>\n","protected":false},"excerpt":{"rendered":"\u0642\u0645 \u0628\u0627\u0644\u062f\u0641\u0639\u0627\u062f\u0641\u0639 \u0628\u0633\u0647\u0648\u0644\u0629 \u0625\u0644\u0649 \u0623\u064a \u062d\u0633\u0627\u0628 \u0645\u0635\u0631\u0641\u064a \u0645\u0646 \u0627\u062e\u062a\u064a\u0627\u0631\u0643 \u0623\u0648 \u0627\u0633\u062a\u062e\u062f\u0645 \u0646\u0645\u0648\u0630\u062c \u0627\u0644\u062f\u0641\u0639 \u0639\u0628\u0631 \u0627\u0644\u0625\u0646\u062a\u0631\u0646\u062a.\u0645\u0639\u0644\u0648\u0645\u0627\u062a \u0627\u0644\u062d\u0633\u0627\u0628 \u0628\u0627\u0644\u062f\u0648\u0644\u0627\u0631 \u0627\u0644\u0623\u0645\u0631\u064a\u0643\u064a\u0628\u0646\u0648\u0643 \u0627\u0644\u0627\u062f\u062e\u0627\u0631 \u0627\u0644\u0641\u064a\u062f\u0631\u0627\u0644\u064a\u0629 \u0627\u0644\u0645\u062c\u062a\u0645\u0639\u064a\u0629 \u0627\u0633\u0645 \u0627\u0644\u062d\u0633\u0627\u0628: BRANDENN LLC \u0631\u0642\u0645 \u0627\u0644\u062a\u0648\u062c\u064a\u0647:026073150 \u0631\u0642\u0645 \u0627\u0644\u062d\u0633\u0627\u0628:822000599682 \u0633\u0648\u064a\u0641\u062a \u0643\u0648\u062f: CMFGUS33 \u0645\u0639\u0644\u0648\u0645\u0627\u062a \u062d\u0633\u0627\u0628 TRY\u0627\u0633\u0645 \u0627\u0644\u062d\u0633\u0627\u0628: BRANDENN MARKA DANI\u015eMANLIK REKLAM ORGAN\u0130ZASYON T\u0130CARET L\u0130M\u0130TED \u015e\u0130RKET\u0130 \u0631\u0642\u0645 \u0627\u0644\u062d\u0633\u0627\u0628 \u0627\u0644\u0645\u0635\u0631\u0641\u064a \u0627\u0644\u062f\u0648\u0644\u064a \u0644\u0628\u0646\u0643 \u0647\u0627\u0644\u0643: TR970001200976400010262476 \u0631\u0642\u0645 \u0627\u0644\u062d\u0633\u0627\u0628 \u0627\u0644\u0645\u0635\u0631\u0641\u064a \u0627\u0644\u062f\u0648\u0644\u064a...","protected":false},"author":1,"featured_media":0,"parent":0,"menu_order":0,"comment_status":"closed","ping_status":"closed","template":"","meta":{"_acf_changed":false,"footnotes":""},"class_list":["post-6122","page","type-page","status-publish","hentry"],"acf":[],"_links":{"self":[{"href":"https:\/\/www.brandenn.com\/ar\/wp-json\/wp\/v2\/pages\/6122","targetHints":{"allow":["GET"]}}],"collection":[{"href":"https:\/\/www.brandenn.com\/ar\/wp-json\/wp\/v2\/pages"}],"about":[{"href":"https:\/\/www.brandenn.com\/ar\/wp-json\/wp\/v2\/types\/page"}],"author":[{"embeddable":true,"href":"https:\/\/www.brandenn.com\/ar\/wp-json\/wp\/v2\/users\/1"}],"replies":[{"embeddable":true,"href":"https:\/\/www.brandenn.com\/ar\/wp-json\/wp\/v2\/comments?post=6122"}],"version-history":[{"count":15,"href":"https:\/\/www.brandenn.com\/ar\/wp-json\/wp\/v2\/pages\/6122\/revisions"}],"predecessor-version":[{"id":7073,"href":"https:\/\/www.brandenn.com\/ar\/wp-json\/wp\/v2\/pages\/6122\/revisions\/7073"}],"wp:attachment":[{"href":"https:\/\/www.brandenn.com\/ar\/wp-json\/wp\/v2\/media?parent=6122"}],"curies":[{"name":"wp","href":"https:\/\/api.w.org\/{rel}","templated":true}]}}