{"id":5394,"date":"2023-06-30T15:35:57","date_gmt":"2023-06-30T12:35:57","guid":{"rendered":"https:\/\/www.brandenn.com\/our-story\/"},"modified":"2025-04-10T03:07:30","modified_gmt":"2025-04-10T00:07:30","slug":"our-story","status":"publish","type":"page","link":"https:\/\/www.brandenn.com\/en\/our-story\/","title":{"rendered":"Our story"},"content":{"rendered":"<section class=\"l-section wpb_row height_auto full_height valign_center width_full with_video\"><div id=\"us_bg_video_r2e7\" class=\"l-section-video\"><script id=\"us_bg_video_r2e7-script\">!function(w){var node = document.getElementById( 'us_bg_video_r2e7' );if ( w.innerWidth <= 1 ) { node.remove() }}(window);<\/script><style>@media(max-width:1px){#us_bg_video_r2e7{display:none!important}}<\/style><video  autoplay loop muted playsinline preload=\"auto\" tabindex=\"-1\"><source type=\"video\/mp4\" src=\"https:\/\/www.brandenn.com\/wp-content\/uploads\/2023\/06\/aboutus_home.mp4\" \/><\/video><\/div><div class=\"l-section-h i-cf\"><div class=\"g-cols vc_row via_grid cols_1 laptops-cols_inherit tablets-cols_inherit mobiles-cols_1 valign_top type_default stacking_default\"><div class=\"wpb_column vc_column_container\"><div class=\"vc_column-inner\"><div class=\"g-cols wpb_row via_grid cols_1 laptops-cols_inherit tablets-cols_inherit mobiles-cols_1 valign_top type_default stacking_default\" style=\"--columns-gap:3rem;\"><div class=\"wpb_column vc_column_container\"><div class=\"vc_column-inner\"><h1 class=\"w-text us_custom_b0320008 has_text_color us_animate_this\"><span class=\"w-text-h\"><span class=\"w-text-value\">BrandEnn<\/span><\/span><\/h1><h6 class=\"w-text us_custom_ed01d5d4 has_text_color us_animate_this\"><span class=\"w-text-h\"><span class=\"w-text-value\">Inspired by Ennead<\/span><\/span><\/h6><\/div><\/div><\/div><\/div><\/div><\/div><\/div><\/section><section class=\"l-section wpb_row us_custom_9f852a52 height_medium width_full\"><div class=\"l-section-h i-cf\"><div class=\"g-cols vc_row via_grid cols_1 laptops-cols_inherit tablets-cols_inherit mobiles-cols_1 valign_top type_default stacking_default\"><div class=\"wpb_column vc_column_container\"><div class=\"vc_column-inner\"><div class=\"g-cols wpb_row via_grid cols_1 laptops-cols_inherit tablets-cols_inherit mobiles-cols_1 valign_top type_default stacking_default\" style=\"--columns-gap:3rem;\"><div class=\"wpb_column vc_column_container\"><div class=\"vc_column-inner\"><h2 class=\"w-text us_custom_f8c7a04e has_text_color us_animate_this\"><span class=\"w-text-h\"><span class=\"w-text-value\">Find out our story.<\/span><\/span><\/h2><h6 class=\"w-text us_custom_c63f0315 has_text_color us_animate_this\"><span class=\"w-text-h\"><span class=\"w-text-value\">We used the mythological history of Egypt to create our name. According to the mythological history of Egypt, we were inspired by Ennead, the name of the group where the kings come together. According to mythology, when the works of art of the world are created, the Ennead group comes together and creates these works of art. Inspired by this story, we used the Enn part of the group&#039;s name at the end of Brand and created the name BrandEnn. In the logo design, we were inspired by the Giza pyramids and reflected the initials of Brand and Enn. As a result, we created BrandEnn with a unique and original symbol. We adopted a motto that reflects the story of the Ennead group and our core purpose. We position every business that collaborates with us as a powerful star shining in the blue of the night.       <\/span><\/span><\/h6><div class=\"w-image us_custom_a518f36e us_animate_this align_center\"><div class=\"w-image-h\"><img decoding=\"async\" width=\"1620\" height=\"1080\" src=\"https:\/\/www.brandenn.com\/wp-content\/uploads\/2023\/06\/aboutus_main_alt.png\" class=\"attachment-full size-full\" alt=\"\" loading=\"lazy\" srcset=\"https:\/\/www.brandenn.com\/wp-content\/uploads\/2023\/06\/aboutus_main_alt.png 1620w, https:\/\/www.brandenn.com\/wp-content\/uploads\/2023\/06\/aboutus_main_alt-600x400.png 600w, https:\/\/www.brandenn.com\/wp-content\/uploads\/2023\/06\/aboutus_main_alt-300x200.png 300w, https:\/\/www.brandenn.com\/wp-content\/uploads\/2023\/06\/aboutus_main_alt-1024x683.png 1024w, https:\/\/www.brandenn.com\/wp-content\/uploads\/2023\/06\/aboutus_main_alt-800x533.png 800w, https:\/\/www.brandenn.com\/wp-content\/uploads\/2023\/06\/aboutus_main_alt-1280x853.png 1280w\" sizes=\"auto, (max-width: 1620px) 100vw, 1620px\" title=\"\"><\/div><\/div><h2 class=\"w-text us_custom_f8c7a04e has_text_color us_animate_this\"><span class=\"w-text-h\"><span class=\"w-text-value\">Our understanding of work.<\/span><\/span><\/h2><h6 class=\"w-text us_custom_c63f0315 has_text_color us_animate_this\"><span class=\"w-text-h\"><span class=\"w-text-value\">We focus on reflecting the values and goals of your business in your brand image. We offer your customers an experience that shows your difference. We create the brand spirit, line and story of your business. We share our experience and expertise with our award-winning team to show your customers your commitment.   <\/span><\/span><\/h6><\/div><\/div><\/div><\/div><\/div><\/div><\/div><\/section><section class=\"l-section wpb_row us_custom_4519d6c4 height_small\"><div class=\"l-section-h i-cf\"><div class=\"g-cols vc_row via_grid cols_1 laptops-cols_inherit tablets-cols_inherit mobiles-cols_1 valign_top type_default stacking_default\"><div class=\"wpb_column vc_column_container\"><div class=\"vc_column-inner\"><div class=\"g-cols wpb_row us_custom_348d1706 via_grid cols_2 laptops-cols_inherit tablets-cols_inherit mobiles-cols_1 valign_middle type_default stacking_default\" style=\"--columns-gap:3rem;\"><div class=\"wpb_column vc_column_container\"><div class=\"vc_column-inner\"><div class=\"w-image us_custom_7e20fa79 us_animate_this align_none\"><div class=\"w-image-h\"><img decoding=\"async\" width=\"1280\" height=\"1280\" src=\"https:\/\/www.brandenn.com\/wp-content\/uploads\/2023\/06\/aboutus_humanperceptionart.jpg\" class=\"attachment-full size-full\" alt=\"\" loading=\"lazy\" srcset=\"https:\/\/www.brandenn.com\/wp-content\/uploads\/2023\/06\/aboutus_humanperceptionart.jpg 1280w, https:\/\/www.brandenn.com\/wp-content\/uploads\/2023\/06\/aboutus_humanperceptionart-300x300.jpg 300w, https:\/\/www.brandenn.com\/wp-content\/uploads\/2023\/06\/aboutus_humanperceptionart-150x150.jpg 150w, https:\/\/www.brandenn.com\/wp-content\/uploads\/2023\/06\/aboutus_humanperceptionart-600x600.jpg 600w, https:\/\/www.brandenn.com\/wp-content\/uploads\/2023\/06\/aboutus_humanperceptionart-1024x1024.jpg 1024w, https:\/\/www.brandenn.com\/wp-content\/uploads\/2023\/06\/aboutus_humanperceptionart-800x800.jpg 800w\" sizes=\"auto, (max-width: 1280px) 100vw, 1280px\" title=\"\"><\/div><\/div><\/div><\/div><div class=\"wpb_column vc_column_container\"><div class=\"vc_column-inner\"><h5 class=\"w-text us_custom_8cb854ac has_text_color us_animate_this\"><span class=\"w-text-h\"><span class=\"w-text-value\">\u201cWith our Human Perception Art practices, we design your unique, memorable and spoken brand image in the minds of your target audience.\u201d<\/span><\/span><\/h5><\/div><\/div><\/div><\/div><\/div><\/div><\/div><\/section><section class=\"l-section wpb_row us_custom_1871c568 height_small\"><div class=\"l-section-h i-cf\"><div class=\"g-cols vc_row via_grid cols_1 laptops-cols_inherit tablets-cols_inherit mobiles-cols_1 valign_top type_default stacking_default\"><div class=\"wpb_column vc_column_container\"><div class=\"vc_column-inner\"><h4 class=\"w-text us_custom_f54aa421 has_text_color us_animate_this\"><span class=\"w-text-h\"><span class=\"w-text-value\">Get to know our founders.<\/span><\/span><\/h4><h6 class=\"w-text us_custom_6bdf65eb has_text_color us_animate_this\"><span class=\"w-text-h\"><span class=\"w-text-value\">Learn about the experiences of our award-winning founding members.<\/span><\/span><\/h6><div class=\"g-cols wpb_row us_custom_f37aca33 via_grid cols_1-3 laptops-cols_inherit tablets-cols_inherit mobiles-cols_1 valign_top type_default stacking_default\" style=\"--columns-gap:3rem;\"><div class=\"wpb_column vc_column_container\"><div class=\"vc_column-inner\"><div class=\"w-image us_custom_6d66d209 us_animate_this style_shadow-1 align_none\"><div class=\"w-image-h\"><img decoding=\"async\" width=\"1280\" height=\"1280\" src=\"https:\/\/www.brandenn.com\/wp-content\/uploads\/2023\/09\/ErdoganEroglu_new.jpg\" class=\"attachment-full size-full\" alt=\"Erdogan Eroglu\" loading=\"lazy\" srcset=\"https:\/\/www.brandenn.com\/wp-content\/uploads\/2023\/09\/ErdoganEroglu_new.jpg 1280w, https:\/\/www.brandenn.com\/wp-content\/uploads\/2023\/09\/ErdoganEroglu_new-300x300.jpg 300w, https:\/\/www.brandenn.com\/wp-content\/uploads\/2023\/09\/ErdoganEroglu_new-150x150.jpg 150w, https:\/\/www.brandenn.com\/wp-content\/uploads\/2023\/09\/ErdoganEroglu_new-600x600.jpg 600w, https:\/\/www.brandenn.com\/wp-content\/uploads\/2023\/09\/ErdoganEroglu_new-1024x1024.jpg 1024w, https:\/\/www.brandenn.com\/wp-content\/uploads\/2023\/09\/ErdoganEroglu_new-800x800.jpg 800w, https:\/\/www.brandenn.com\/wp-content\/uploads\/2023\/09\/ErdoganEroglu_new-60x60.jpg 60w\" sizes=\"auto, (max-width: 1280px) 100vw, 1280px\" title=\"\"><\/div><\/div><div class=\"w-hwrapper us_custom_ddfac57d valign_top default_align_center laptops_align_center tablets_align_center mobiles_align_left\"><div class=\"w-iconbox us_custom_3188818e iconpos_top style_default color_primary align_center no_text no_title\"><a href=\"https:\/\/www.instagram.com\/erogluco\" class=\"w-iconbox-link\" aria-label=\"fab|instagram\" rel=\"nofollow noopener\" target=\"_blank\"><div class=\"w-iconbox-icon\" style=\"font-size:2rem;\"><i class=\"fab fa-instagram\"><\/i><\/div><\/a><div class=\"w-iconbox-meta\"><\/div><\/div><div class=\"w-iconbox us_custom_3188818e iconpos_top style_default color_primary align_center no_text no_title\"><a href=\"https:\/\/www.linkedin.com\/in\/erogluco\" class=\"w-iconbox-link\" aria-label=\"fab|linkedin\" rel=\"nofollow noopener\" target=\"_blank\"><div class=\"w-iconbox-icon\" style=\"font-size:2rem;\"><i class=\"fab fa-linkedin\"><\/i><\/div><\/a><div class=\"w-iconbox-meta\"><\/div><\/div><\/div><\/div><\/div><div class=\"wpb_column vc_column_container\"><div class=\"vc_column-inner\"><h5 class=\"w-text us_custom_9cbbd651 us_animate_this\"><span class=\"w-text-h\"><span class=\"w-text-value\">Erdogan Eroglu<\/span><\/span><\/h5><h6 class=\"w-text us_custom_f3178adf us_animate_this\"><span class=\"w-text-h\"><span class=\"w-text-value\">Founder &amp; Creative Thinker<\/span><\/span><\/h6><div class=\"wpb_text_column us_custom_a70806f9 us_animate_this\"><div class=\"wpb_wrapper\"><p>For 12 years, he has taken an active role in various studies in the field of brand image and branding. He has undertaken brand image studies of many businesses. In 2012, he created the brand image and all digital works of <strong>the Turkish Green Crescent Society<\/strong>. He has contributed to the branding of important events of well-known institutions such as <strong>Sabanc\u0131 University<\/strong> and <strong>Ko\u00e7 University<\/strong>.  <\/p>\n<\/div><\/div><\/div><\/div><\/div><div class=\"g-cols wpb_row us_custom_e11ab399 via_grid cols_1-3 laptops-cols_inherit tablets-cols_inherit mobiles-cols_1 valign_top type_default stacking_default\" style=\"--columns-gap:3rem;\"><div class=\"wpb_column vc_column_container\"><div class=\"vc_column-inner\"><div class=\"w-image us_custom_6d66d209 us_animate_this style_shadow-1 align_none\"><div class=\"w-image-h\"><img decoding=\"async\" width=\"1280\" height=\"1280\" src=\"https:\/\/www.brandenn.com\/wp-content\/uploads\/2023\/09\/VolkanYildiz_New.jpg\" class=\"attachment-full size-full\" alt=\"Volkan Yildiz\" loading=\"lazy\" srcset=\"https:\/\/www.brandenn.com\/wp-content\/uploads\/2023\/09\/VolkanYildiz_New.jpg 1280w, https:\/\/www.brandenn.com\/wp-content\/uploads\/2023\/09\/VolkanYildiz_New-300x300.jpg 300w, https:\/\/www.brandenn.com\/wp-content\/uploads\/2023\/09\/VolkanYildiz_New-150x150.jpg 150w, https:\/\/www.brandenn.com\/wp-content\/uploads\/2023\/09\/VolkanYildiz_New-600x600.jpg 600w, https:\/\/www.brandenn.com\/wp-content\/uploads\/2023\/09\/VolkanYildiz_New-1024x1024.jpg 1024w, https:\/\/www.brandenn.com\/wp-content\/uploads\/2023\/09\/VolkanYildiz_New-800x800.jpg 800w, https:\/\/www.brandenn.com\/wp-content\/uploads\/2023\/09\/VolkanYildiz_New-60x60.jpg 60w\" sizes=\"auto, (max-width: 1280px) 100vw, 1280px\" title=\"\"><\/div><\/div><div class=\"w-hwrapper us_custom_ddfac57d valign_top default_align_center laptops_align_center tablets_align_center mobiles_align_left\"><div class=\"w-iconbox us_custom_3188818e iconpos_top style_default color_primary align_center no_text no_title\"><a href=\"https:\/\/www.instagram.com\/volkan.yildizzz\" class=\"w-iconbox-link\" aria-label=\"fab|instagram\" rel=\"nofollow noopener\" target=\"_blank\"><div class=\"w-iconbox-icon\" style=\"font-size:2rem;\"><i class=\"fab fa-instagram\"><\/i><\/div><\/a><div class=\"w-iconbox-meta\"><\/div><\/div><div class=\"w-iconbox us_custom_3188818e iconpos_top style_default color_primary align_center no_text no_title\"><a href=\"https:\/\/www.linkedin.com\/in\/volkanyildiz\/\" class=\"w-iconbox-link\" aria-label=\"fab|linkedin\" rel=\"nofollow noopener\" target=\"_blank\"><div class=\"w-iconbox-icon\" style=\"font-size:2rem;\"><i class=\"fab fa-linkedin\"><\/i><\/div><\/a><div class=\"w-iconbox-meta\"><\/div><\/div><\/div><\/div><\/div><div class=\"wpb_column vc_column_container\"><div class=\"vc_column-inner\"><h5 class=\"w-text us_custom_9cbbd651 us_animate_this\"><span class=\"w-text-h\"><span class=\"w-text-value\">Volkan Yildiz<\/span><\/span><\/h5><h6 class=\"w-text us_custom_a5d924aa us_animate_this\"><span class=\"w-text-h\"><span class=\"w-text-value\">Founding Partner<\/span><\/span><\/h6><div class=\"wpb_text_column us_custom_f9a23d09 us_animate_this\"><div class=\"wpb_wrapper\"><p>He is the co-founder of BrandEnn LLC. Participates in planning and growth strategies. He plays an active role in strengthening the customer experience area.  <\/p>\n<\/div><\/div><\/div><\/div><\/div><div class=\"g-cols wpb_row via_grid cols_3 laptops-cols_inherit tablets-cols_inherit mobiles-cols_1 valign_top type_default stacking_default\" style=\"--columns-gap:3rem;\"><div class=\"wpb_column vc_column_container\"><div class=\"vc_column-inner\"><\/div><\/div><div class=\"wpb_column vc_column_container\"><div class=\"vc_column-inner\"><\/div><\/div><div class=\"wpb_column vc_column_container\"><div class=\"vc_column-inner\"><\/div><\/div><\/div><div class=\"g-cols wpb_row us_custom_1524de2c via_grid cols_3 laptops-cols_inherit tablets-cols_inherit mobiles-cols_1 valign_top type_default stacking_default\" style=\"--columns-gap:3rem;\"><div class=\"wpb_column vc_column_container us_custom_f21a4005 us_animate_this has_bg_color\"><div class=\"vc_column-inner\"><h5 class=\"w-text us_custom_33afaf2f\"><span class=\"w-text-h\"><span class=\"w-text-value\">Chex Works LLC.<\/span><\/span><\/h5><h6 class=\"w-text us_custom_22520fae\"><span class=\"w-text-h\"><span class=\"w-text-value\">Accounting &amp; Finance Unit<\/span><\/span><\/h6><\/div><\/div><div class=\"wpb_column vc_column_container us_custom_f21a4005 us_animate_this has_bg_color\"><div class=\"vc_column-inner\"><h5 class=\"w-text us_custom_33afaf2f\"><span class=\"w-text-h\"><span class=\"w-text-value\">Hakanoglu Law LLC.<\/span><\/span><\/h5><h6 class=\"w-text us_custom_22520fae\"><span class=\"w-text-h\"><span class=\"w-text-value\">Legal Unit<\/span><\/span><\/h6><\/div><\/div><div class=\"wpb_column vc_column_container us_custom_f21a4005 us_animate_this has_bg_color\"><div class=\"vc_column-inner\"><h5 class=\"w-text us_custom_33afaf2f\"><span class=\"w-text-h\"><span class=\"w-text-value\">Westhan Capital<\/span><\/span><\/h5><h6 class=\"w-text us_custom_22520fae\"><span class=\"w-text-h\"><span class=\"w-text-value\">Fund and Financial Management Company<\/span><\/span><\/h6><\/div><\/div><\/div><\/div><\/div><\/div><\/div><\/section><section class=\"l-section wpb_row height_small\"><div class=\"l-section-h i-cf\"><div class=\"g-cols vc_row via_grid cols_1 laptops-cols_inherit tablets-cols_inherit mobiles-cols_1 valign_top type_default stacking_default\"><div class=\"wpb_column vc_column_container\"><div class=\"vc_column-inner\"><div class=\"g-cols wpb_row us_custom_4ff5a22e via_grid cols_1 laptops-cols_inherit tablets-cols_inherit mobiles-cols_1 valign_middle type_default stacking_default\" style=\"--columns-gap:3rem;\"><div class=\"wpb_column vc_column_container\"><div class=\"vc_column-inner\"><div class=\"w-image us_custom_45f6216a us_animate_this align_center\"><div class=\"w-image-h\"><img decoding=\"async\" width=\"3556\" height=\"2710\" src=\"https:\/\/www.brandenn.com\/wp-content\/uploads\/2023\/06\/aboutus_award01.png\" class=\"attachment-full size-full\" alt=\"\" loading=\"lazy\" srcset=\"https:\/\/www.brandenn.com\/wp-content\/uploads\/2023\/06\/aboutus_award01.png 3556w, https:\/\/www.brandenn.com\/wp-content\/uploads\/2023\/06\/aboutus_award01-600x457.png 600w, https:\/\/www.brandenn.com\/wp-content\/uploads\/2023\/06\/aboutus_award01-300x229.png 300w, https:\/\/www.brandenn.com\/wp-content\/uploads\/2023\/06\/aboutus_award01-1024x780.png 1024w, https:\/\/www.brandenn.com\/wp-content\/uploads\/2023\/06\/aboutus_award01-800x610.png 800w, https:\/\/www.brandenn.com\/wp-content\/uploads\/2023\/06\/aboutus_award01-1280x975.png 1280w\" sizes=\"auto, (max-width: 3556px) 100vw, 3556px\" title=\"\"><\/div><\/div><\/div><\/div><div class=\"wpb_column vc_column_container\"><div class=\"vc_column-inner\"><h4 class=\"w-text us_custom_0727e72f has_text_color us_animate_this\"><span class=\"w-text-h\"><span class=\"w-text-value\">Consecutive Image Design Award<\/span><\/span><\/h4><h6 class=\"w-text us_custom_3fb2bb62 has_text_color us_animate_this\"><span class=\"w-text-h\"><span class=\"w-text-value\">We performed consecutively for IMIS, the biggest event of Sabanc\u0131 University. We received the Image Design Award at the Sabanc\u0131 Show Center Stage in 2015 and 2017 by Sabanc\u0131 University.<\/span><\/span><\/h6><\/div><\/div><\/div><\/div><\/div><div class=\"wpb_column vc_column_container\"><div class=\"vc_column-inner\"><div class=\"g-cols wpb_row us_custom_cc534b42 via_grid cols_1 laptops-cols_inherit tablets-cols_inherit mobiles-cols_1 valign_middle type_default stacking_default\" style=\"--columns-gap:3rem;\"><div class=\"wpb_column vc_column_container\"><div class=\"vc_column-inner\"><h4 class=\"w-text us_custom_c1236dfe has_text_color us_animate_this\"><span class=\"w-text-h\"><span class=\"w-text-value\">Our press releases.<\/span><\/span><\/h4><h6 class=\"w-text us_custom_a2f1fff7 has_text_color us_animate_this\"><span class=\"w-text-h\"><span class=\"w-text-value\">Check out our news reflected in the press. Learn more about us.<\/span><\/span><\/h6><div class=\"w-hwrapper us_custom_8c91ebb6 valign_top default_align_center laptops_align_center tablets_align_center mobiles_align_center\" style=\"--hwrapper-gap:0rem\"><div class=\"w-image us_custom_60e9caca us_animate_this align_none\"><a target=\"_blank\" rel=\"nofollow noopener\" href=\"https:\/\/www.dha.com.tr\/gundem\/kreatif-dusunur-erdogan-eroglu-na-odul-1797259\" aria-label=\"dha_logo\" class=\"w-image-h\"><img decoding=\"async\" width=\"350\" height=\"350\" src=\"https:\/\/www.brandenn.com\/wp-content\/uploads\/2023\/06\/dha_logo.png\" class=\"attachment-full size-full\" alt=\"\" loading=\"lazy\" srcset=\"https:\/\/www.brandenn.com\/wp-content\/uploads\/2023\/06\/dha_logo.png 350w, https:\/\/www.brandenn.com\/wp-content\/uploads\/2023\/06\/dha_logo-300x300.png 300w, https:\/\/www.brandenn.com\/wp-content\/uploads\/2023\/06\/dha_logo-150x150.png 150w\" sizes=\"auto, (max-width: 350px) 100vw, 350px\" title=\"\"><\/a><\/div><div class=\"w-image us_custom_60e9caca us_animate_this align_none\"><a target=\"_blank\" rel=\"nofollow noopener\" href=\"https:\/\/www.iha.com.tr\/haber-kreatif-dusunur-erdogan-eroglu-markanizin-imaji-vizyonunuzu-yukari-tasir-852400\/\" aria-label=\"iha_logo\" class=\"w-image-h\"><img decoding=\"async\" width=\"350\" height=\"350\" src=\"https:\/\/www.brandenn.com\/wp-content\/uploads\/2023\/06\/iha_logo.png\" class=\"attachment-full size-full\" alt=\"\" loading=\"lazy\" srcset=\"https:\/\/www.brandenn.com\/wp-content\/uploads\/2023\/06\/iha_logo.png 350w, https:\/\/www.brandenn.com\/wp-content\/uploads\/2023\/06\/iha_logo-300x300.png 300w, https:\/\/www.brandenn.com\/wp-content\/uploads\/2023\/06\/iha_logo-150x150.png 150w\" sizes=\"auto, (max-width: 350px) 100vw, 350px\" title=\"\"><\/a><\/div><div class=\"w-image us_custom_60e9caca us_animate_this align_none\"><a target=\"_blank\" rel=\"nofollow noopener\" href=\"https:\/\/www.haberler.com\/ekonomi\/son-dakika-haberleri-kreatif-dusunur-erdogan-eroglu-markanizin-imaji-13352423-haberi\/\" aria-label=\"haberler_logo\" class=\"w-image-h\"><img decoding=\"async\" width=\"350\" height=\"350\" src=\"https:\/\/www.brandenn.com\/wp-content\/uploads\/2023\/06\/haberler_logo.png\" class=\"attachment-full size-full\" alt=\"\" loading=\"lazy\" srcset=\"https:\/\/www.brandenn.com\/wp-content\/uploads\/2023\/06\/haberler_logo.png 350w, https:\/\/www.brandenn.com\/wp-content\/uploads\/2023\/06\/haberler_logo-300x300.png 300w, https:\/\/www.brandenn.com\/wp-content\/uploads\/2023\/06\/haberler_logo-150x150.png 150w\" sizes=\"auto, (max-width: 350px) 100vw, 350px\" title=\"\"><\/a><\/div><div class=\"w-image us_custom_60e9caca us_animate_this align_none\"><a target=\"_blank\" rel=\"nofollow noopener\" href=\"https:\/\/www.sondakika.com\/guncel\/haber-kreatif-dusunur-erdogan-eroglu-na-odul-13726405\/\" aria-label=\"sondakika_logo\" class=\"w-image-h\"><img decoding=\"async\" width=\"350\" height=\"350\" src=\"https:\/\/www.brandenn.com\/wp-content\/uploads\/2023\/06\/sondakika_logo.png\" class=\"attachment-full size-full\" alt=\"\" loading=\"lazy\" srcset=\"https:\/\/www.brandenn.com\/wp-content\/uploads\/2023\/06\/sondakika_logo.png 350w, https:\/\/www.brandenn.com\/wp-content\/uploads\/2023\/06\/sondakika_logo-300x300.png 300w, https:\/\/www.brandenn.com\/wp-content\/uploads\/2023\/06\/sondakika_logo-150x150.png 150w\" sizes=\"auto, (max-width: 350px) 100vw, 350px\" title=\"\"><\/a><\/div><div class=\"w-image us_custom_60e9caca us_animate_this align_none\"><a target=\"_blank\" rel=\"nofollow noopener\" href=\"https:\/\/www.timeturk.com\/ajans\/kreatif-dusunur-erdogan-eroglu-markanizin-imaji-vizyonunuzu-yukari-tasir\/haber-1531890\" aria-label=\"timeturk_logo\" class=\"w-image-h\"><img decoding=\"async\" width=\"350\" height=\"350\" src=\"https:\/\/www.brandenn.com\/wp-content\/uploads\/2024\/11\/timeturk_logo.png\" class=\"attachment-full size-full\" alt=\"\" loading=\"lazy\" srcset=\"https:\/\/www.brandenn.com\/wp-content\/uploads\/2024\/11\/timeturk_logo.png 350w, https:\/\/www.brandenn.com\/wp-content\/uploads\/2024\/11\/timeturk_logo-300x300.png 300w, https:\/\/www.brandenn.com\/wp-content\/uploads\/2024\/11\/timeturk_logo-150x150.png 150w\" sizes=\"auto, (max-width: 350px) 100vw, 350px\" title=\"\"><\/a><\/div><\/div><\/div><\/div><\/div><\/div><\/div><\/div><\/div><\/section>\n","protected":false},"excerpt":{"rendered":"BrandEnnInspired by EnneadFind out our story.We used the mythological history of Egypt to create our name. According to the mythological history of Egypt, we were inspired by Ennead, the name of the group where the kings come together. According to mythology, when the works of art of the world are created, the Ennead group comes...","protected":false},"author":1,"featured_media":2999,"parent":0,"menu_order":0,"comment_status":"closed","ping_status":"closed","template":"","meta":{"_acf_changed":false,"footnotes":""},"class_list":["post-5394","page","type-page","status-publish","has-post-thumbnail","hentry"],"acf":[],"_links":{"self":[{"href":"https:\/\/www.brandenn.com\/en\/wp-json\/wp\/v2\/pages\/5394","targetHints":{"allow":["GET"]}}],"collection":[{"href":"https:\/\/www.brandenn.com\/en\/wp-json\/wp\/v2\/pages"}],"about":[{"href":"https:\/\/www.brandenn.com\/en\/wp-json\/wp\/v2\/types\/page"}],"author":[{"embeddable":true,"href":"https:\/\/www.brandenn.com\/en\/wp-json\/wp\/v2\/users\/1"}],"replies":[{"embeddable":true,"href":"https:\/\/www.brandenn.com\/en\/wp-json\/wp\/v2\/comments?post=5394"}],"version-history":[{"count":7,"href":"https:\/\/www.brandenn.com\/en\/wp-json\/wp\/v2\/pages\/5394\/revisions"}],"predecessor-version":[{"id":7761,"href":"https:\/\/www.brandenn.com\/en\/wp-json\/wp\/v2\/pages\/5394\/revisions\/7761"}],"wp:featuredmedia":[{"embeddable":true,"href":"https:\/\/www.brandenn.com\/en\/wp-json\/wp\/v2\/media\/2999"}],"wp:attachment":[{"href":"https:\/\/www.brandenn.com\/en\/wp-json\/wp\/v2\/media?parent=5394"}],"curies":[{"name":"wp","href":"https:\/\/api.w.org\/{rel}","templated":true}]}}