{"id":5397,"date":"2023-07-02T00:32:52","date_gmt":"2023-07-01T21:32:52","guid":{"rendered":"https:\/\/www.brandenn.com\/contact\/"},"modified":"2025-01-01T19:17:52","modified_gmt":"2025-01-01T16:17:52","slug":"contact","status":"publish","type":"page","link":"https:\/\/www.brandenn.com\/en\/contact\/","title":{"rendered":"Contact"},"content":{"rendered":"<section class=\"l-section wpb_row us_custom_0a501283 height_auto with_img\"><div class=\"l-section-img\" role=\"img\" aria-label=\"Image\" data-img-width=\"2560\" data-img-height=\"1440\" style=\"background-image: url(https:\/\/www.brandenn.com\/wp-content\/uploads\/2023\/07\/office_01-scaled.jpg);background-repeat: no-repeat;\"><\/div><div class=\"l-section-overlay\" style=\"background:rgba(0,0,0,0.10)\"><\/div><div class=\"l-section-h i-cf\"><div class=\"g-cols vc_row via_grid cols_1 laptops-cols_inherit tablets-cols_inherit mobiles-cols_1 valign_top type_default stacking_default\"><div class=\"wpb_column vc_column_container\"><div class=\"vc_column-inner\"><h1 class=\"w-text us_custom_be38b6f5 has_text_color\"><span class=\"w-text-h\"><span class=\"w-text-value\">Say hello<\/span><\/span><\/h1><\/div><\/div><\/div><\/div><\/section><section class=\"l-section wpb_row height_medium\"><div class=\"l-section-h i-cf\"><div class=\"g-cols vc_row via_grid cols_2 laptops-cols_inherit tablets-cols_inherit mobiles-cols_1 valign_top type_default stacking_default\" style=\"--columns-gap:1.5rem;\"><div class=\"wpb_column vc_column_container us_custom_ea4f7cc4 us_animate_this has_bg_color\"><div class=\"vc_column-inner\"><div class=\"w-image align_none\"><div class=\"w-image-h\"><img decoding=\"async\" width=\"500\" height=\"400\" src=\"https:\/\/www.brandenn.com\/wp-content\/uploads\/2023\/07\/levent199_main.jpg\" class=\"attachment-large size-large\" alt=\"\" loading=\"lazy\" srcset=\"https:\/\/www.brandenn.com\/wp-content\/uploads\/2023\/07\/levent199_main.jpg 500w, https:\/\/www.brandenn.com\/wp-content\/uploads\/2023\/07\/levent199_main-300x240.jpg 300w\" sizes=\"auto, (max-width: 500px) 100vw, 500px\" title=\"\"><\/div><\/div><h2 class=\"w-text us_custom_5acccbc7\"><span class=\"w-text-h\"><span class=\"w-text-value\">Istanbul.<\/span><\/span><\/h2><h6 class=\"w-text us_custom_bf33849f\"><span class=\"w-text-h\"><span class=\"w-text-value\">Esentepe Mah. Buyukdere Cad. No:199 | 6<br \/>\n\u015ei\u015fli | Istanbul | TURKEY<br \/>\n+90 212 800 79 26<\/span><\/span><\/h6><\/div><\/div><div class=\"wpb_column vc_column_container us_custom_ea4f7cc4 us_animate_this has_bg_color\"><div class=\"vc_column-inner\"><div class=\"w-image align_none\"><div class=\"w-image-h\"><img decoding=\"async\" width=\"500\" height=\"400\" src=\"https:\/\/www.brandenn.com\/wp-content\/uploads\/2023\/07\/empirestatebuilding_main.jpg\" class=\"attachment-large size-large\" alt=\"\" loading=\"lazy\" srcset=\"https:\/\/www.brandenn.com\/wp-content\/uploads\/2023\/07\/empirestatebuilding_main.jpg 500w, https:\/\/www.brandenn.com\/wp-content\/uploads\/2023\/07\/empirestatebuilding_main-300x240.jpg 300w\" sizes=\"auto, (max-width: 500px) 100vw, 500px\" title=\"\"><\/div><\/div><h2 class=\"w-text us_custom_5acccbc7\"><span class=\"w-text-h\"><span class=\"w-text-value\">New York.<\/span><\/span><\/h2><h6 class=\"w-text us_custom_3ae408c5\"><span class=\"w-text-h\"><span class=\"w-text-value\">350 Fifth Avenue. 59th Floor.<br \/>\nEmpire States | New York | USA<br \/>\n+1 646 655 06 88<\/span><\/span><\/h6><\/div><\/div><\/div><\/div><\/section><section class=\"l-section wpb_row us_custom_aba766a9 height_auto\"><div class=\"l-section-h i-cf\"><div class=\"g-cols vc_row via_grid cols_2 laptops-cols_inherit tablets-cols_inherit mobiles-cols_1 valign_top type_default stacking_default\" style=\"--columns-gap:1.5rem;\"><div class=\"wpb_column vc_column_container us_custom_cc934f3f has_bg_color\"><div class=\"vc_column-inner\"><h4 class=\"w-text us_custom_ae21e493\"><span class=\"w-text-h\"><span class=\"w-text-value\">Send Message<\/span><\/span><\/h4><form class=\"w-form  us-field-style_1 layout_ver show_message_after_sending for_cform us_form_1\" action=\"https:\/\/www.brandenn.com\/en\/wp-json\/wp\/v2\/pages\/5397\" method=\"post\"><div class=\"w-form-h\"><div class=\"w-form-row for_text\">\r\n\t\t<div class=\"w-form-row-field\">\r\n\t\t\t\t\t\t<input aria-label=\"Name and Surname\" type=\"text\" name=\"us_form_1_text_1\" value placeholder=\"Name and Surname\"\/>\r\n\t\t\t<\/div>\r\n\t\t<div class=\"w-form-row-state\">Fill out this field<\/div>\r\n<\/div>\r\n<div class=\"w-form-row for_text\">\r\n\t\t<div class=\"w-form-row-field\">\r\n\t\t\t\t\t\t<input aria-label=\"Mobile\" inputmode=\"tel\" type=\"text\" name=\"us_form_1_text_2\" value placeholder=\"Mobile\"\/>\r\n\t\t\t<\/div>\r\n\t\t<div class=\"w-form-row-state\">Fill out this field<\/div>\r\n<\/div>\r\n<div class=\"w-form-row for_email\">\r\n\t\t<div class=\"w-form-row-field\">\r\n\t\t\t\t\t\t<input aria-label=\"E-mail\" type=\"email\" name=\"us_form_1_email_1\" value placeholder=\"E-mail\"\/>\r\n\t\t\t<\/div>\r\n\t\t<div class=\"w-form-row-state\">Please enter a valid email address.<\/div>\r\n<\/div>\r\n<div class=\"w-form-row for_textarea\">\r\n\t\t<div class=\"w-form-row-field\">\r\n\t\t\t\t\t\t<textarea aria-label=\"Message\" name=\"us_form_1_textarea_1\" placeholder=\"Message\"><\/textarea>\r\n\t\t\t<\/div>\r\n\t\t<div class=\"w-form-row-state\">Fill out this field<\/div>\r\n<\/div>\r\n<input type=\"hidden\" name=\"action\" value=\"us_ajax_cform\" \/>\r\n<input type=\"hidden\" name=\"post_id\" value=\"0\" \/>\r\n<input type=\"hidden\" name=\"form_index\" value=\"1\" \/>\r\n<div class=\"w-form-row for_submit align_none\"><button class=\"w-btn us-btn-style_1\" type=\"submit\" aria-label=\"Submit\"><span class=\"g-preloader type_1\"><\/span><span class=\"w-btn-label\">Submit<\/span><\/button><\/div><\/div><div class=\"w-form-message\"><\/div><div class=\"w-form-json hidden\" onclick='return {&quot;ajaxurl&quot;:&quot;https:\\\/\\\/www.brandenn.com\\\/wp-admin\\\/admin-ajax.php&quot;,&quot;messages&quot;:{&quot;err_empty&quot;:&quot;Fill out this field&quot;,&quot;err_size&quot;:&quot;File size cannot exceed %s MB&quot;,&quot;err_extension&quot;:&quot;%s file type is not allowed&quot;,&quot;err_recaptcha_keys&quot;:&quot;reCAPTCHA keys are incorrect&quot;}}'><\/div><\/form><\/div><\/div><div class=\"wpb_column vc_column_container us_custom_6f207417 has_bg_color\"><div class=\"vc_column-inner\"><div class=\"g-cols wpb_row via_grid cols_2 laptops-cols_inherit tablets-cols_inherit mobiles-cols_1 valign_top type_default stacking_default\" style=\"--columns-gap:3rem;\"><div class=\"wpb_column vc_column_container\"><div class=\"vc_column-inner\"><h4 class=\"w-text us_custom_ae21e493\"><span class=\"w-text-h\"><span class=\"w-text-value\">Customer<\/span><\/span><\/h4><h6 class=\"w-text\"><span class=\"w-text-h\"><span class=\"w-text-value\">customer@brandenn.com<\/span><\/span><\/h6><div class=\"w-separator size_small\"><\/div><h4 class=\"w-text us_custom_ae21e493\"><span class=\"w-text-h\"><span class=\"w-text-value\">Law<\/span><\/span><\/h4><h6 class=\"w-text\"><span class=\"w-text-h\"><span class=\"w-text-value\">law@brandenn.com<\/span><\/span><\/h6><\/div><\/div><div class=\"wpb_column vc_column_container\"><div class=\"vc_column-inner\"><h4 class=\"w-text us_custom_ae21e493\"><span class=\"w-text-h\"><span class=\"w-text-value\">Finance<\/span><\/span><\/h4><h6 class=\"w-text\"><span class=\"w-text-h\"><span class=\"w-text-value\">pay@brandenn.com<\/span><\/span><\/h6><div class=\"w-separator size_small\"><\/div><h4 class=\"w-text us_custom_ae21e493\"><span class=\"w-text-h\"><span class=\"w-text-value\">Partners<\/span><\/span><\/h4><h6 class=\"w-text\"><span class=\"w-text-h\"><span class=\"w-text-value\">partners@brandenn.com<\/span><\/span><\/h6><\/div><\/div><\/div><div class=\"g-cols wpb_row via_grid cols_1 laptops-cols_inherit tablets-cols_inherit mobiles-cols_1 valign_top type_default stacking_default\" style=\"--columns-gap:3rem;\"><div class=\"wpb_column vc_column_container us_custom_6857d874\"><div class=\"vc_column-inner\"><h4 class=\"w-text\"><span class=\"w-text-h\"><span class=\"w-text-value\">contact@brandenn.com<\/span><\/span><\/h4><h6 class=\"w-text us_custom_10a4cf99\"><span class=\"w-text-h\"><span class=\"w-text-value\">United States<\/br> BrandEnn LLC.<\/br>EIN: 88-1628274<\/br><\/br>Turkey<\/br>BrandEnn Marka Dan\u0131\u015fmanl\u0131k Reklam Organizasyon Tic. Ltd. \u015eti.<\/br>Tax No: 1871665794<\/span><\/span><\/h6><\/div><\/div><\/div><\/div><\/div><\/div><\/div><\/section>\n","protected":false},"excerpt":{"rendered":"Say helloIstanbul.Esentepe Mah. Buyukdere Cad. No:199 | 6 \u015ei\u015fli | Istanbul | TURKEY +90 212 800 79 26New York.350 Fifth Avenue. 59th Floor. Empire States | New York | USA +1 646 655 06 88Send Message Fill out this field Fill out this field Please enter a valid email address. Fill out this field SubmitCustomercustomer@brandenn.comLawlaw@brandenn.comFinancepay@brandenn.comPartnerspartners@brandenn.comcontact@brandenn.comUnited...","protected":false},"author":1,"featured_media":0,"parent":0,"menu_order":0,"comment_status":"closed","ping_status":"closed","template":"","meta":{"_acf_changed":false,"footnotes":""},"class_list":["post-5397","page","type-page","status-publish","hentry"],"acf":[],"_links":{"self":[{"href":"https:\/\/www.brandenn.com\/en\/wp-json\/wp\/v2\/pages\/5397","targetHints":{"allow":["GET"]}}],"collection":[{"href":"https:\/\/www.brandenn.com\/en\/wp-json\/wp\/v2\/pages"}],"about":[{"href":"https:\/\/www.brandenn.com\/en\/wp-json\/wp\/v2\/types\/page"}],"author":[{"embeddable":true,"href":"https:\/\/www.brandenn.com\/en\/wp-json\/wp\/v2\/users\/1"}],"replies":[{"embeddable":true,"href":"https:\/\/www.brandenn.com\/en\/wp-json\/wp\/v2\/comments?post=5397"}],"version-history":[{"count":6,"href":"https:\/\/www.brandenn.com\/en\/wp-json\/wp\/v2\/pages\/5397\/revisions"}],"predecessor-version":[{"id":7124,"href":"https:\/\/www.brandenn.com\/en\/wp-json\/wp\/v2\/pages\/5397\/revisions\/7124"}],"wp:attachment":[{"href":"https:\/\/www.brandenn.com\/en\/wp-json\/wp\/v2\/media?parent=5397"}],"curies":[{"name":"wp","href":"https:\/\/api.w.org\/{rel}","templated":true}]}}