{"id":5418,"date":"2023-07-10T01:31:48","date_gmt":"2023-07-09T22:31:48","guid":{"rendered":"https:\/\/www.brandenn.com\/payment-methods\/"},"modified":"2025-01-01T18:25:34","modified_gmt":"2025-01-01T15:25:34","slug":"payment-methods","status":"publish","type":"page","link":"https:\/\/www.brandenn.com\/en\/payment-methods\/","title":{"rendered":"Payments and Accounts"},"content":{"rendered":"<section class=\"l-section wpb_row us_custom_0658c8d5 height_small width_full\"><div class=\"l-section-h i-cf\"><div class=\"g-cols vc_row via_grid cols_1 laptops-cols_inherit tablets-cols_inherit mobiles-cols_1 valign_top type_default stacking_default\"><div class=\"wpb_column vc_column_container\"><div class=\"vc_column-inner\"><div class=\"g-cols wpb_row via_grid cols_1 laptops-cols_inherit tablets-cols_inherit mobiles-cols_1 valign_top type_default stacking_default\" style=\"--columns-gap:3rem;\"><div class=\"wpb_column vc_column_container\"><div class=\"vc_column-inner\"><div class=\"w-image us_custom_213e151c align_center\"><div class=\"w-image-h\"><img decoding=\"async\" width=\"1920\" height=\"667\" src=\"https:\/\/www.brandenn.com\/wp-content\/uploads\/2023\/07\/paymentmethod_header.jpg\" class=\"attachment-full size-full\" alt=\"\" loading=\"lazy\" srcset=\"https:\/\/www.brandenn.com\/wp-content\/uploads\/2023\/07\/paymentmethod_header.jpg 1920w, https:\/\/www.brandenn.com\/wp-content\/uploads\/2023\/07\/paymentmethod_header-600x208.jpg 600w, https:\/\/www.brandenn.com\/wp-content\/uploads\/2023\/07\/paymentmethod_header-300x104.jpg 300w, https:\/\/www.brandenn.com\/wp-content\/uploads\/2023\/07\/paymentmethod_header-1024x356.jpg 1024w, https:\/\/www.brandenn.com\/wp-content\/uploads\/2023\/07\/paymentmethod_header-800x278.jpg 800w, https:\/\/www.brandenn.com\/wp-content\/uploads\/2023\/07\/paymentmethod_header-1280x445.jpg 1280w\" sizes=\"auto, (max-width: 1920px) 100vw, 1920px\" title=\"\"><\/div><\/div><\/div><\/div><\/div><\/div><\/div><\/div><\/div><\/section><section class=\"l-section wpb_row us_custom_2eec13b6 height_auto width_full\"><div class=\"l-section-h i-cf\"><div class=\"g-cols vc_row via_grid cols_1 laptops-cols_inherit tablets-cols_inherit mobiles-cols_1 valign_top type_default stacking_default\"><div class=\"wpb_column vc_column_container us_custom_4fb9e5a3 has_bg_color\"><div class=\"vc_column-inner\"><h1 class=\"w-text us_custom_95a63838\"><span class=\"w-text-h\"><span class=\"w-text-value\">Make a payment<\/span><\/span><\/h1><h6 class=\"w-text us_custom_30323c7a\"><span class=\"w-text-h\"><span class=\"w-text-value\">Pay easily to our bank account of your choice or use the online payment form.<\/span><\/span><\/h6><div class=\"g-cols wpb_row us_custom_d0ad181b via_grid cols_3 laptops-cols_inherit tablets-cols_inherit mobiles-cols_1 valign_top type_default stacking_default\" style=\"--columns-gap:3rem;\"><div class=\"wpb_column vc_column_container us_custom_51a62218 has_bg_color\"><div class=\"vc_column-inner\"><h2 class=\"w-text us_custom_68028189\"><span class=\"w-text-h\"><span class=\"w-text-value\">USD Account Information<\/span><\/span><\/h2><div class=\"wpb_text_column us_custom_3e95ea80\"><div class=\"wpb_wrapper\"><h6>COMMUNITY FEDERAL SAVINGS BANKS<\/h6>\n<p>Account Name: BRANDENN LLC<br \/>Routing Number: 026073150<br \/>Account Number: 822000599682<br \/>Swift Code: CMFGUS33<\/p>\n<\/div><\/div><\/div><\/div><div class=\"wpb_column vc_column_container us_custom_51a62218 has_bg_color\"><div class=\"vc_column-inner\"><h2 class=\"w-text us_custom_67b6827d\"><span class=\"w-text-h\"><span class=\"w-text-value\">TRY Account Information<\/span><\/span><\/h2><div class=\"wpb_text_column us_custom_3e95ea80\"><div class=\"wpb_wrapper\"><p>Account Name: BRANDENN MARKA DANI\u015eMANLIK REKLAM ORGAN\u0130ZASYON T\u0130CARET L\u0130M\u0130TED \u015e\u0130RKET\u0130<\/p>\n<h6><strong>HALK BANK IBAN:<\/strong><\/h6>\n<p>TR970001200976400010262476<\/p>\n<h6><strong>QNB FINANSBANK IBAN:<\/strong><\/h6>\n<p>TR300011100000000134338566<\/p>\n<\/div><\/div><\/div><\/div><div class=\"wpb_column vc_column_container us_custom_51a62218 has_bg_color\"><div class=\"vc_column-inner\"><h2 class=\"w-text us_custom_67b6827d\"><span class=\"w-text-h\"><span class=\"w-text-value\">Stripe Credit Card<\/span><\/span><\/h2><div class=\"w-html\"><center><script async=\"\" src=\"https:\/\/js.stripe.com\/v3\/buy-button.js\">\n<\/script>\n\n<stripe-buy-button buy-button-id=\"buy_btn_1NSqPmKjCAf7npMPEJYop35k\" publishable-key=\"pk_live_51JumS2KjCAf7npMPrsTUZPKNdny5NO45g2yZmDqws5ZYlNqD6ksMv4eQlG4yW8I3YDzUilJvy0bwXSAn2chpFhkR00E87gOF9G\">\n<\/stripe-buy-button><\/center><\/div><\/div><\/div><\/div><div class=\"g-cols wpb_row us_custom_815c1c57 via_grid cols_1-2-1 laptops-cols_inherit tablets-cols_inherit mobiles-cols_1 valign_top type_default stacking_default\" style=\"--columns-gap:3rem;\"><div class=\"wpb_column vc_column_container\"><div class=\"vc_column-inner\"><\/div><\/div><div class=\"wpb_column vc_column_container\"><div class=\"vc_column-inner\"><div class=\"w-text us_custom_1e2ca985\"><span class=\"w-text-h\"><span class=\"w-text-value\">BrandEnn is a company based in the United States and Turkey. All payments must be transferred to one of the bank accounts listed above or made online via Stripe.<\/span><\/span><\/div><\/div><\/div><div class=\"wpb_column vc_column_container\"><div class=\"vc_column-inner\"><\/div><\/div><\/div><\/div><\/div><\/div><\/div><\/section>\n","protected":false},"excerpt":{"rendered":"Make a paymentPay easily to our bank account of your choice or use the online payment form.USD Account InformationCOMMUNITY FEDERAL SAVINGS BANKS Account Name: BRANDENN LLCRouting Number: 026073150Account Number: 822000599682Swift Code: CMFGUS33 TRY Account InformationAccount Name: BRANDENN MARKA DANI\u015eMANLIK REKLAM ORGAN\u0130ZASYON T\u0130CARET L\u0130M\u0130TED \u015e\u0130RKET\u0130 HALK BANK IBAN: TR970001200976400010262476 QNB FINANSBANK IBAN: TR300011100000000134338566 Stripe Credit Card...","protected":false},"author":1,"featured_media":0,"parent":0,"menu_order":0,"comment_status":"closed","ping_status":"closed","template":"","meta":{"_acf_changed":false,"footnotes":""},"class_list":["post-5418","page","type-page","status-publish","hentry"],"acf":[],"_links":{"self":[{"href":"https:\/\/www.brandenn.com\/en\/wp-json\/wp\/v2\/pages\/5418","targetHints":{"allow":["GET"]}}],"collection":[{"href":"https:\/\/www.brandenn.com\/en\/wp-json\/wp\/v2\/pages"}],"about":[{"href":"https:\/\/www.brandenn.com\/en\/wp-json\/wp\/v2\/types\/page"}],"author":[{"embeddable":true,"href":"https:\/\/www.brandenn.com\/en\/wp-json\/wp\/v2\/users\/1"}],"replies":[{"embeddable":true,"href":"https:\/\/www.brandenn.com\/en\/wp-json\/wp\/v2\/comments?post=5418"}],"version-history":[{"count":15,"href":"https:\/\/www.brandenn.com\/en\/wp-json\/wp\/v2\/pages\/5418\/revisions"}],"predecessor-version":[{"id":7069,"href":"https:\/\/www.brandenn.com\/en\/wp-json\/wp\/v2\/pages\/5418\/revisions\/7069"}],"wp:attachment":[{"href":"https:\/\/www.brandenn.com\/en\/wp-json\/wp\/v2\/media?parent=5418"}],"curies":[{"name":"wp","href":"https:\/\/api.w.org\/{rel}","templated":true}]}}